{"id":270,"date":"2022-03-29T19:39:55","date_gmt":"2022-03-29T19:39:55","guid":{"rendered":"https:\/\/ahhaa.org\/?page_id=270"},"modified":"2025-09-18T20:31:41","modified_gmt":"2025-09-18T20:31:41","slug":"tuition-assistance","status":"publish","type":"page","link":"https:\/\/ahhaa.org\/es\/tuition-assistance\/","title":{"rendered":"Ayuda para la matr\u00edcula"},"content":{"rendered":"<div data-elementor-type=\"wp-page\" data-elementor-id=\"270\" class=\"elementor elementor-270\">\n\t\t\t\t\t\t<section class=\"elementor-section elementor-top-section elementor-element elementor-element-3ab36b1 elementor-section-full_width elementor-section-height-default elementor-section-height-default parallax_section_no qode_elementor_container_no\" data-id=\"3ab36b1\" data-element_type=\"section\" data-e-type=\"section\">\n\t\t\t\t\t\t<div class=\"elementor-container elementor-column-gap-no\">\n\t\t\t\t\t<div class=\"elementor-column elementor-col-100 elementor-top-column elementor-element elementor-element-d872322\" data-id=\"d872322\" data-element_type=\"column\" data-e-type=\"column\">\n\t\t\t<div class=\"elementor-widget-wrap elementor-element-populated\">\n\t\t\t\t\t\t<div class=\"elementor-element elementor-element-57c70ac elementor-widget elementor-widget-spacer\" data-id=\"57c70ac\" data-element_type=\"widget\" data-e-type=\"widget\" data-widget_type=\"spacer.default\">\n\t\t\t\t<div class=\"elementor-widget-container\">\n\t\t\t\t\t\t\t<div class=\"elementor-spacer\">\n\t\t\t<div class=\"elementor-spacer-inner\"><\/div>\n\t\t<\/div>\n\t\t\t\t\t\t<\/div>\n\t\t\t\t<\/div>\n\t\t\t\t\t<\/div>\n\t\t<\/div>\n\t\t\t\t\t<\/div>\n\t\t<\/section>\n\t\t\t\t<section class=\"elementor-section elementor-top-section elementor-element elementor-element-12331a7a elementor-section-boxed elementor-section-height-default elementor-section-height-default parallax_section_no qode_elementor_container_no\" data-id=\"12331a7a\" data-element_type=\"section\" data-e-type=\"section\">\n\t\t\t\t\t\t<div class=\"elementor-container elementor-column-gap-default\">\n\t\t\t\t\t<div class=\"elementor-column elementor-col-100 elementor-top-column elementor-element elementor-element-64b1758f\" data-id=\"64b1758f\" data-element_type=\"column\" data-e-type=\"column\">\n\t\t\t<div class=\"elementor-widget-wrap elementor-element-populated\">\n\t\t\t\t\t\t<div class=\"elementor-element elementor-element-53142fca elementor-widget elementor-widget-text-editor\" data-id=\"53142fca\" data-element_type=\"widget\" data-e-type=\"widget\" data-widget_type=\"text-editor.default\">\n\t\t\t\t<div class=\"elementor-widget-container\">\n\t\t\t\t\t\t\t\t\t<h1>Ayuda para la matr\u00edcula<\/h1><h6 style=\"background-color: #ffffff;\">contact info@ahhaa.org with questions<\/h6><div>\u00a0<\/div>\t\t\t\t\t\t\t\t<\/div>\n\t\t\t\t<\/div>\n\t\t\t\t\t<\/div>\n\t\t<\/div>\n\t\t\t\t\t<\/div>\n\t\t<\/section>\n\t\t\t\t<section class=\"elementor-section elementor-top-section elementor-element elementor-element-c79d0a6 elementor-section-boxed elementor-section-height-default elementor-section-height-default parallax_section_no qode_elementor_container_no\" data-id=\"c79d0a6\" data-element_type=\"section\" data-e-type=\"section\">\n\t\t\t\t\t\t<div class=\"elementor-container elementor-column-gap-default\">\n\t\t\t\t\t<div class=\"elementor-column elementor-col-50 elementor-top-column elementor-element elementor-element-4e9c3c02\" data-id=\"4e9c3c02\" data-element_type=\"column\" data-e-type=\"column\">\n\t\t\t<div class=\"elementor-widget-wrap elementor-element-populated\">\n\t\t\t\t\t\t<div class=\"elementor-element elementor-element-4fdd02d elementor-widget elementor-widget-text-editor\" data-id=\"4fdd02d\" data-element_type=\"widget\" data-e-type=\"widget\" data-widget_type=\"text-editor.default\">\n\t\t\t\t<div class=\"elementor-widget-container\">\n\t\t\t\t\t\t\t\t\t<h6 style=\"background-color: #ffffff;\">Asistencia financiera para nuestra comunidad creativa<\/h6><h6 style=\"background-color: #ffffff;\">\u00a0<\/h6><p style=\"background-color: #ffffff;\">Ah Haa School for the Arts cree en el acceso y las oportunidades para todos y tiene el compromiso fundamental de eliminar las barreras financieras para la participaci\u00f3n. Tambi\u00e9n creemos que la creatividad es una experiencia humana fundamental. Animamos a todos los residentes de San Miguel, Dolores, Montrose y Ouray County que necesiten apoyo a participar en nuestras clases, talleres y campamentos completando la Solicitud de asistencia para la matr\u00edcula.<\/p><p style=\"background-color: #ffffff;\">Entendemos que cada individuo o familia puede tener necesidades financieras contrapuestas que no se reflejan en un formulario de impuestos o en el tama\u00f1o de la familia. Por lo tanto, no solicitamos esta informaci\u00f3n; en cambio, le pedimos que comparta con nosotros el valor que tiene para usted o su hijo tomar una clase de arte. Los premiados aceptan proporcionarnos informaci\u00f3n demogr\u00e1fica y participar en encuestas posteriores a la clase.<\/p><p style=\"background-color: #ffffff;\">Tuition Assistance awards are $1,000 for one year from the date of issue, per person and do not carry forward. A new application is required each year. Tuition assistance is only available for the person who has applied. It cannot be applied to guest registrations.\u00a0<\/p><p style=\"background-color: #ffffff;\">Tuition Assistance is not applicable for the following:<\/p><p>\u2022Culinary courses involving alcohol<br \/>\u2022Locals Lunches and Seasonal Suppers<br \/>\u2022\u201cMulti Course\u201d Culinary offerings<br \/>\u2022Private or Personalized classes<br \/>\u2022Open Studio Dues<br \/>\u2022ReTreat Workshops and some select classes<br \/>courses offered at the American Academy of Bookbinding (see bookbindingacademy.org for scholarship and tuition assistance opportunities)<br \/>\u2022Pay as You Can courses<br \/>\u2022Tuition Assistance may not be combined with other discounts<\/p><p>Cancellation policies and fees apply. For Tuition Assistance certificates, no refunds will be issued. Failure to follow policies may result in cancellation of your award.<\/p><p style=\"background-color: #ffffff;\">La notificaci\u00f3n de los premios se realizar\u00e1 en un plazo de 5 d\u00edas h\u00e1biles. No se garantiza la aceptaci\u00f3n de las solicitudes. Tenga en cuenta que algunas clases pueden tener disponibilidad limitada para los beneficiarios de la Asistencia para la matr\u00edcula. Ah Haa School for the Arts se reserva el derecho de revocar la asistencia en cualquier momento.<\/p>\t\t\t\t\t\t\t\t<\/div>\n\t\t\t\t<\/div>\n\t\t\t\t<section class=\"elementor-section elementor-inner-section elementor-element elementor-element-308be7d0 elementor-section-boxed elementor-section-height-default elementor-section-height-default parallax_section_no qode_elementor_container_no\" data-id=\"308be7d0\" data-element_type=\"section\" data-e-type=\"section\">\n\t\t\t\t\t\t<div class=\"elementor-container elementor-column-gap-default\">\n\t\t\t\t\t<div class=\"elementor-column elementor-col-50 elementor-inner-column elementor-element elementor-element-4c331ca3\" data-id=\"4c331ca3\" data-element_type=\"column\" data-e-type=\"column\">\n\t\t\t<div class=\"elementor-widget-wrap elementor-element-populated\">\n\t\t\t\t\t\t<div class=\"elementor-element elementor-element-1e364087 elementor-align-left elementor-widget elementor-widget-button\" data-id=\"1e364087\" data-element_type=\"widget\" data-e-type=\"widget\" data-widget_type=\"button.default\">\n\t\t\t\t<div class=\"elementor-widget-container\">\n\t\t\t\t\t\t\t\t\t<div class=\"elementor-button-wrapper\">\n\t\t\t\t\t<a class=\"elementor-button elementor-button-link elementor-size-md\" href=\"https:\/\/form.jotform.com\/240456635570155\" target=\"_blank\" rel=\"noopener\">\n\t\t\t\t\t\t<span class=\"elementor-button-content-wrapper\">\n\t\t\t\t\t\t\t\t\t<span class=\"elementor-button-text\">APLICAR AQUI<\/span>\n\t\t\t\t\t<\/span>\n\t\t\t\t\t<\/a>\n\t\t\t\t<\/div>\n\t\t\t\t\t\t\t\t<\/div>\n\t\t\t\t<\/div>\n\t\t\t\t\t<\/div>\n\t\t<\/div>\n\t\t\t\t<div class=\"elementor-column elementor-col-50 elementor-inner-column elementor-element elementor-element-2294c798\" data-id=\"2294c798\" data-element_type=\"column\" data-e-type=\"column\">\n\t\t\t<div class=\"elementor-widget-wrap\">\n\t\t\t\t\t\t\t<\/div>\n\t\t<\/div>\n\t\t\t\t\t<\/div>\n\t\t<\/section>\n\t\t\t\t\t<\/div>\n\t\t<\/div>\n\t\t\t\t<div class=\"elementor-column elementor-col-50 elementor-top-column elementor-element elementor-element-b9d5372\" data-id=\"b9d5372\" data-element_type=\"column\" data-e-type=\"column\">\n\t\t\t<div class=\"elementor-widget-wrap elementor-element-populated\">\n\t\t\t\t\t\t<div class=\"elementor-element elementor-element-5328c65 elementor-widget elementor-widget-image\" data-id=\"5328c65\" data-element_type=\"widget\" data-e-type=\"widget\" data-widget_type=\"image.default\">\n\t\t\t\t<div class=\"elementor-widget-container\">\n\t\t\t\t\t\t\t\t\t\t\t\t\t\t\t<img fetchpriority=\"high\" decoding=\"async\" width=\"768\" height=\"387\" src=\"https:\/\/ahhaa.org\/wp-content\/uploads\/2022\/08\/teencooking-768x387.jpg\" class=\"attachment-medium_large size-medium_large wp-image-715\" alt=\"\" srcset=\"https:\/\/ahhaa.org\/wp-content\/uploads\/2022\/08\/teencooking-768x387.jpg 768w, https:\/\/ahhaa.org\/wp-content\/uploads\/2022\/08\/teencooking-600x302.jpg 600w, https:\/\/ahhaa.org\/wp-content\/uploads\/2022\/08\/teencooking-300x151.jpg 300w, https:\/\/ahhaa.org\/wp-content\/uploads\/2022\/08\/teencooking-1024x515.jpg 1024w, https:\/\/ahhaa.org\/wp-content\/uploads\/2022\/08\/teencooking-700x352.jpg 700w, https:\/\/ahhaa.org\/wp-content\/uploads\/2022\/08\/teencooking.jpg 1200w\" sizes=\"(max-width: 768px) 100vw, 768px\" \/>\t\t\t\t\t\t\t\t\t\t\t\t\t\t\t<\/div>\n\t\t\t\t<\/div>\n\t\t\t\t\t<\/div>\n\t\t<\/div>\n\t\t\t\t\t<\/div>\n\t\t<\/section>\n\t\t\t\t<section class=\"elementor-section elementor-top-section elementor-element elementor-element-c596156 elementor-section-boxed elementor-section-height-default elementor-section-height-default parallax_section_no qode_elementor_container_no\" data-id=\"c596156\" data-element_type=\"section\" data-e-type=\"section\">\n\t\t\t\t\t\t<div class=\"elementor-container elementor-column-gap-default\">\n\t\t\t\t\t<div class=\"elementor-column elementor-col-100 elementor-top-column elementor-element elementor-element-c454afa\" data-id=\"c454afa\" data-element_type=\"column\" data-e-type=\"column\">\n\t\t\t<div class=\"elementor-widget-wrap elementor-element-populated\">\n\t\t\t\t\t\t<div class=\"elementor-element elementor-element-0c7fe41 elementor-widget elementor-widget-spacer\" data-id=\"0c7fe41\" data-element_type=\"widget\" data-e-type=\"widget\" data-widget_type=\"spacer.default\">\n\t\t\t\t<div class=\"elementor-widget-container\">\n\t\t\t\t\t\t\t<div class=\"elementor-spacer\">\n\t\t\t<div class=\"elementor-spacer-inner\"><\/div>\n\t\t<\/div>\n\t\t\t\t\t\t<\/div>\n\t\t\t\t<\/div>\n\t\t\t\t\t<\/div>\n\t\t<\/div>\n\t\t\t\t\t<\/div>\n\t\t<\/section>\n\t\t\t\t<section class=\"elementor-section elementor-top-section elementor-element elementor-element-1c5759b8 elementor-section-boxed elementor-section-height-default elementor-section-height-default parallax_section_no qode_elementor_container_no\" data-id=\"1c5759b8\" data-element_type=\"section\" data-e-type=\"section\">\n\t\t\t\t\t\t<div class=\"elementor-container elementor-column-gap-default\">\n\t\t\t\t\t<div class=\"elementor-column elementor-col-50 elementor-top-column elementor-element elementor-element-46b1d7f7\" data-id=\"46b1d7f7\" data-element_type=\"column\" data-e-type=\"column\">\n\t\t\t<div class=\"elementor-widget-wrap elementor-element-populated\">\n\t\t\t\t\t\t<div class=\"elementor-element elementor-element-7d95d933 elementor-widget elementor-widget-image\" data-id=\"7d95d933\" data-element_type=\"widget\" data-e-type=\"widget\" data-widget_type=\"image.default\">\n\t\t\t\t<div class=\"elementor-widget-container\">\n\t\t\t\t\t\t\t\t\t\t\t\t\t\t\t<img decoding=\"async\" width=\"800\" height=\"600\" src=\"https:\/\/ahhaa.org\/wp-content\/uploads\/2022\/08\/IMG_7893-1-800x600.jpg\" class=\"attachment-portfolio-landscape size-portfolio-landscape wp-image-572\" alt=\"\" srcset=\"https:\/\/ahhaa.org\/wp-content\/uploads\/2022\/08\/IMG_7893-1-800x600.jpg 800w, https:\/\/ahhaa.org\/wp-content\/uploads\/2022\/08\/IMG_7893-1-300x225.jpg 300w\" sizes=\"(max-width: 800px) 100vw, 800px\" \/>\t\t\t\t\t\t\t\t\t\t\t\t\t\t\t<\/div>\n\t\t\t\t<\/div>\n\t\t\t\t\t<\/div>\n\t\t<\/div>\n\t\t\t\t<div class=\"elementor-column elementor-col-50 elementor-top-column elementor-element elementor-element-6c6741f3\" data-id=\"6c6741f3\" data-element_type=\"column\" data-e-type=\"column\">\n\t\t\t<div class=\"elementor-widget-wrap elementor-element-populated\">\n\t\t\t\t\t\t<div class=\"elementor-element elementor-element-454db7a elementor-widget elementor-widget-text-editor\" data-id=\"454db7a\" data-element_type=\"widget\" data-e-type=\"widget\" data-widget_type=\"text-editor.default\">\n\t\t\t\t<div class=\"elementor-widget-container\">\n\t\t\t\t\t\t\t\t\t<h6>Asistencia financiera para nuestra comunidad creativa<\/h6><h6>\u00a0<\/h6><p>La Escuela de Artes Ah Haa cree en el acceso y las oportunidades para todos con el compromiso fundamental de eliminar las dificultades financieras barreras a la participaci\u00f3n. Tambi\u00e9n creemos que la creatividad es una experiencia humana fundamental. Animamos a todos los Residentes de los condados de San Miguel, Dolores, Montrose y Ouray que necesitan apoyo para participar en nuestras clases.<br \/>talleres y campamentos completando la Solicitud de asistencia para la matr\u00edcula.<\/p><p>Entendemos que cada individuo o familia puede tener necesidades financieras contrapuestas que pueden no reflejarse en una forma de impuestos o tama\u00f1o de la familia. Por lo tanto, no solicitamos esta informaci\u00f3n; m\u00e1s bien le pedimos que comparta con nosotros el valor que tiene para usted o su hijo tomar una clase de arte. Los premiados aceptan proporcionarnos informaci\u00f3n demogr\u00e1fica como as\u00ed como participar en encuestas post-clase.<\/p><p>Las concesiones de asistencia de matr\u00edcula son de $1,000 por a\u00f1o calendario por persona y no se transfieren. Una nueva aplicaci\u00f3n es requerido cada a\u00f1o. La asistencia de matr\u00edcula no es aplicable para el siguiente:<\/p><p>&#8211; Clases de Re\u2022treat<br \/>\u2013 Instrucci\u00f3n privada<br \/>\u2013 Clases de Artes Culinarias que incluyen cata de vinos o alcohol.<br \/>\u2013 Membres\u00edas de estudio abierto<br \/>\u2013 Clases de la Academia Estadounidense de Encuadernaci\u00f3n (consulte bookbindingacademy.org para obtener becas y matr\u00edcula oportunidades de asistencia)<\/p><p>La notificaci\u00f3n de premios se realizar\u00e1 dentro de los 5 d\u00edas h\u00e1biles. No se garantiza la aceptaci\u00f3n de las solicitudes. Tenga en cuenta que algunas clases pueden tener disponibilidad limitada para los beneficiarios de Asistencia de Matr\u00edcula. La Escuela de Artes Ah Haa se reserva el derecho a revocar la asistencia en cualquier momento.<\/p>\t\t\t\t\t\t\t\t<\/div>\n\t\t\t\t<\/div>\n\t\t\t\t<div class=\"elementor-element elementor-element-f350db9 elementor-align-left elementor-widget elementor-widget-button\" data-id=\"f350db9\" data-element_type=\"widget\" data-e-type=\"widget\" data-widget_type=\"button.default\">\n\t\t\t\t<div class=\"elementor-widget-container\">\n\t\t\t\t\t\t\t\t\t<div class=\"elementor-button-wrapper\">\n\t\t\t\t\t<a class=\"elementor-button elementor-button-link elementor-size-md\" href=\"https:\/\/form.jotform.com\/240456635570155\" target=\"_blank\" rel=\"noopener\">\n\t\t\t\t\t\t<span class=\"elementor-button-content-wrapper\">\n\t\t\t\t\t\t\t\t\t<span class=\"elementor-button-text\">APLICAR AQUI<\/span>\n\t\t\t\t\t<\/span>\n\t\t\t\t\t<\/a>\n\t\t\t\t<\/div>\n\t\t\t\t\t\t\t\t<\/div>\n\t\t\t\t<\/div>\n\t\t\t\t\t<\/div>\n\t\t<\/div>\n\t\t\t\t\t<\/div>\n\t\t<\/section>\n\t\t\t\t<section class=\"elementor-section elementor-top-section elementor-element elementor-element-1e16ac85 elementor-section-boxed elementor-section-height-default elementor-section-height-default parallax_section_no qode_elementor_container_no\" data-id=\"1e16ac85\" data-element_type=\"section\" data-e-type=\"section\">\n\t\t\t\t\t\t<div class=\"elementor-container elementor-column-gap-default\">\n\t\t\t\t\t<div class=\"elementor-column elementor-col-100 elementor-top-column elementor-element elementor-element-31c63693\" data-id=\"31c63693\" data-element_type=\"column\" data-e-type=\"column\">\n\t\t\t<div class=\"elementor-widget-wrap elementor-element-populated\">\n\t\t\t\t\t\t<div class=\"elementor-element elementor-element-4bb26678 elementor-widget elementor-widget-spacer\" data-id=\"4bb26678\" data-element_type=\"widget\" data-e-type=\"widget\" data-widget_type=\"spacer.default\">\n\t\t\t\t<div class=\"elementor-widget-container\">\n\t\t\t\t\t\t\t<div class=\"elementor-spacer\">\n\t\t\t<div class=\"elementor-spacer-inner\"><\/div>\n\t\t<\/div>\n\t\t\t\t\t\t<\/div>\n\t\t\t\t<\/div>\n\t\t\t\t\t<\/div>\n\t\t<\/div>\n\t\t\t\t\t<\/div>\n\t\t<\/section>\n\t\t\t\t<\/div>","protected":false},"excerpt":{"rendered":"<p>Tuition Assistance contact info@ahhaa.org with questions \u00a0 Financial Assistance for Our Creative Community \u00a0 Ah Haa School for the Arts believes in access and opportunity for all with a core commitment to removing financial barriers to participation. We also believe that creativity is a fundamental&#8230;<\/p>","protected":false},"author":2,"featured_media":0,"parent":0,"menu_order":0,"comment_status":"closed","ping_status":"closed","template":"","meta":{"footnotes":""},"class_list":["post-270","page","type-page","status-publish","hentry"],"featured_image_src":null,"featured_image_src_square":null,"_links":{"self":[{"href":"https:\/\/ahhaa.org\/es\/wp-json\/wp\/v2\/pages\/270","targetHints":{"allow":["GET"]}}],"collection":[{"href":"https:\/\/ahhaa.org\/es\/wp-json\/wp\/v2\/pages"}],"about":[{"href":"https:\/\/ahhaa.org\/es\/wp-json\/wp\/v2\/types\/page"}],"author":[{"embeddable":true,"href":"https:\/\/ahhaa.org\/es\/wp-json\/wp\/v2\/users\/2"}],"replies":[{"embeddable":true,"href":"https:\/\/ahhaa.org\/es\/wp-json\/wp\/v2\/comments?post=270"}],"version-history":[{"count":0,"href":"https:\/\/ahhaa.org\/es\/wp-json\/wp\/v2\/pages\/270\/revisions"}],"wp:attachment":[{"href":"https:\/\/ahhaa.org\/es\/wp-json\/wp\/v2\/media?parent=270"}],"curies":[{"name":"wp","href":"https:\/\/api.w.org\/{rel}","templated":true}]}}