{"id":272,"date":"2022-03-29T19:40:39","date_gmt":"2022-03-29T19:40:39","guid":{"rendered":"https:\/\/ahhaa.org\/?page_id=272"},"modified":"2026-03-17T16:14:15","modified_gmt":"2026-03-17T16:14:15","slug":"health-well-being","status":"publish","type":"page","link":"https:\/\/ahhaa.org\/es\/health-well-being\/","title":{"rendered":"Salud y Bienestar"},"content":{"rendered":"<div data-elementor-type=\"wp-page\" data-elementor-id=\"272\" class=\"elementor elementor-272\">\n\t\t\t\t\t\t<section class=\"elementor-section elementor-top-section elementor-element elementor-element-3ab36b1 elementor-section-full_width elementor-section-height-default elementor-section-height-default parallax_section_no qode_elementor_container_no\" data-id=\"3ab36b1\" data-element_type=\"section\" data-e-type=\"section\">\n\t\t\t\t\t\t<div class=\"elementor-container elementor-column-gap-no\">\n\t\t\t\t\t<div class=\"elementor-column elementor-col-100 elementor-top-column elementor-element elementor-element-d872322\" data-id=\"d872322\" data-element_type=\"column\" data-e-type=\"column\">\n\t\t\t<div class=\"elementor-widget-wrap elementor-element-populated\">\n\t\t\t\t\t\t<div class=\"elementor-element elementor-element-b46a28a elementor-widget elementor-widget-image\" data-id=\"b46a28a\" data-element_type=\"widget\" data-e-type=\"widget\" data-widget_type=\"image.default\">\n\t\t\t\t<div class=\"elementor-widget-container\">\n\t\t\t\t\t\t\t\t\t\t\t\t\t\t\t<img decoding=\"async\" src=\"https:\/\/ahhaa.org\/wp-content\/uploads\/2020\/04\/history-title-img.jpg\" title=\"\" alt=\"\" loading=\"lazy\" \/>\t\t\t\t\t\t\t\t\t\t\t\t\t\t\t<\/div>\n\t\t\t\t<\/div>\n\t\t\t\t\t<\/div>\n\t\t<\/div>\n\t\t\t\t\t<\/div>\n\t\t<\/section>\n\t\t\t\t<section class=\"elementor-section elementor-top-section elementor-element elementor-element-6880fe4b elementor-section-boxed elementor-section-height-default elementor-section-height-default parallax_section_no qode_elementor_container_no\" data-id=\"6880fe4b\" data-element_type=\"section\" data-e-type=\"section\">\n\t\t\t\t\t\t<div class=\"elementor-container elementor-column-gap-default\">\n\t\t\t\t\t<div class=\"elementor-column elementor-col-100 elementor-top-column elementor-element elementor-element-28619bbb\" data-id=\"28619bbb\" data-element_type=\"column\" data-e-type=\"column\">\n\t\t\t<div class=\"elementor-widget-wrap elementor-element-populated\">\n\t\t\t\t\t\t<div class=\"elementor-element elementor-element-354ff1f6 elementor-widget elementor-widget-text-editor\" data-id=\"354ff1f6\" data-element_type=\"widget\" data-e-type=\"widget\" data-widget_type=\"text-editor.default\">\n\t\t\t\t<div class=\"elementor-widget-container\">\n\t\t\t\t\t\t\t\t\t<h1>Salud y Bienestar<\/h1>\t\t\t\t\t\t\t\t<\/div>\n\t\t\t\t<\/div>\n\t\t\t\t\t<\/div>\n\t\t<\/div>\n\t\t\t\t\t<\/div>\n\t\t<\/section>\n\t\t\t\t<section class=\"elementor-section elementor-top-section elementor-element elementor-element-56e771e6 elementor-section-boxed elementor-section-height-default elementor-section-height-default parallax_section_no qode_elementor_container_no\" data-id=\"56e771e6\" data-element_type=\"section\" data-e-type=\"section\">\n\t\t\t\t\t\t<div class=\"elementor-container elementor-column-gap-default\">\n\t\t\t\t\t<div class=\"elementor-column elementor-col-50 elementor-top-column elementor-element elementor-element-31a14087\" data-id=\"31a14087\" data-element_type=\"column\" data-e-type=\"column\">\n\t\t\t<div class=\"elementor-widget-wrap elementor-element-populated\">\n\t\t\t\t\t\t<div class=\"elementor-element elementor-element-516f009c elementor-widget elementor-widget-spacer\" data-id=\"516f009c\" data-element_type=\"widget\" data-e-type=\"widget\" data-widget_type=\"spacer.default\">\n\t\t\t\t<div class=\"elementor-widget-container\">\n\t\t\t\t\t\t\t<div class=\"elementor-spacer\">\n\t\t\t<div class=\"elementor-spacer-inner\"><\/div>\n\t\t<\/div>\n\t\t\t\t\t\t<\/div>\n\t\t\t\t<\/div>\n\t\t\t\t<div class=\"elementor-element elementor-element-6f5cfb35 elementor-widget elementor-widget-text-editor\" data-id=\"6f5cfb35\" data-element_type=\"widget\" data-e-type=\"widget\" data-widget_type=\"text-editor.default\">\n\t\t\t\t<div class=\"elementor-widget-container\">\n\t\t\t\t\t\t\t\t\t<h6>Nuestras prioridades<\/h6>\t\t\t\t\t\t\t\t<\/div>\n\t\t\t\t<\/div>\n\t\t\t\t<div class=\"elementor-element elementor-element-ce1d884 elementor-widget elementor-widget-text-editor\" data-id=\"ce1d884\" data-element_type=\"widget\" data-e-type=\"widget\" data-widget_type=\"text-editor.default\">\n\t\t\t\t<div class=\"elementor-widget-container\">\n\t\t\t\t\t\t\t\t\tLa salud, el bienestar y la seguridad de nuestros estudiantes, instructores, voluntarios, personal y visitantes es un valor fundamental en la Escuela de Artes Ah\u00a0Haa y la Academia Estadounidense de Encuadernaci\u00f3n. Nuestras pol\u00edticas, capacitaciones y pr\u00e1ctica diaria reflejan esta prioridad. A medida que aprendemos a crear, aprendemos las herramientas y los recursos para trabajar en un entorno productivo y colaborativo basado en el respeto y el cuidado mutuos.\t\t\t\t\t\t\t\t<\/div>\n\t\t\t\t<\/div>\n\t\t\t\t\t<\/div>\n\t\t<\/div>\n\t\t\t\t<div class=\"elementor-column elementor-col-50 elementor-top-column elementor-element elementor-element-33bfd12f\" data-id=\"33bfd12f\" data-element_type=\"column\" data-e-type=\"column\">\n\t\t\t<div class=\"elementor-widget-wrap elementor-element-populated\">\n\t\t\t\t\t\t<div class=\"elementor-element elementor-element-4dd385b elementor-widget elementor-widget-image\" data-id=\"4dd385b\" data-element_type=\"widget\" data-e-type=\"widget\" data-widget_type=\"image.default\">\n\t\t\t\t<div class=\"elementor-widget-container\">\n\t\t\t\t\t\t\t\t\t\t\t\t\t\t\t<img fetchpriority=\"high\" decoding=\"async\" width=\"1024\" height=\"768\" src=\"https:\/\/ahhaa.org\/wp-content\/uploads\/2022\/08\/Camp-V-Retreat-04_28-29_22-1024x768.jpg\" class=\"attachment-large size-large wp-image-495\" alt=\"\" srcset=\"https:\/\/ahhaa.org\/wp-content\/uploads\/2022\/08\/Camp-V-Retreat-04_28-29_22-1024x768.jpg 1024w, https:\/\/ahhaa.org\/wp-content\/uploads\/2022\/08\/Camp-V-Retreat-04_28-29_22-scaled-300x225.jpg 300w, https:\/\/ahhaa.org\/wp-content\/uploads\/2022\/08\/Camp-V-Retreat-04_28-29_22-scaled-600x450.jpg 600w, https:\/\/ahhaa.org\/wp-content\/uploads\/2022\/08\/Camp-V-Retreat-04_28-29_22-768x576.jpg 768w, https:\/\/ahhaa.org\/wp-content\/uploads\/2022\/08\/Camp-V-Retreat-04_28-29_22-1536x1152.jpg 1536w, https:\/\/ahhaa.org\/wp-content\/uploads\/2022\/08\/Camp-V-Retreat-04_28-29_22-2048x1536.jpg 2048w, https:\/\/ahhaa.org\/wp-content\/uploads\/2022\/08\/Camp-V-Retreat-04_28-29_22-800x600.jpg 800w, https:\/\/ahhaa.org\/wp-content\/uploads\/2022\/08\/Camp-V-Retreat-04_28-29_22-700x525.jpg 700w\" sizes=\"(max-width: 1024px) 100vw, 1024px\" \/>\t\t\t\t\t\t\t\t\t\t\t\t\t\t\t<\/div>\n\t\t\t\t<\/div>\n\t\t\t\t\t<\/div>\n\t\t<\/div>\n\t\t\t\t\t<\/div>\n\t\t<\/section>\n\t\t\t\t<section class=\"elementor-section elementor-top-section elementor-element elementor-element-29ac4220 elementor-section-boxed elementor-section-height-default elementor-section-height-default parallax_section_no qode_elementor_container_no\" data-id=\"29ac4220\" data-element_type=\"section\" data-e-type=\"section\">\n\t\t\t\t\t\t<div class=\"elementor-container elementor-column-gap-default\">\n\t\t\t\t\t<div class=\"elementor-column elementor-col-100 elementor-top-column elementor-element elementor-element-e812260\" data-id=\"e812260\" data-element_type=\"column\" data-e-type=\"column\">\n\t\t\t<div class=\"elementor-widget-wrap elementor-element-populated\">\n\t\t\t\t\t\t<section class=\"elementor-section elementor-inner-section elementor-element elementor-element-39e201d1 elementor-section-boxed elementor-section-height-default elementor-section-height-default parallax_section_no qode_elementor_container_no\" data-id=\"39e201d1\" data-element_type=\"section\" data-e-type=\"section\">\n\t\t\t\t\t\t<div class=\"elementor-container elementor-column-gap-default\">\n\t\t\t\t\t<div class=\"elementor-column elementor-col-50 elementor-inner-column elementor-element elementor-element-5ff2fdc4\" data-id=\"5ff2fdc4\" data-element_type=\"column\" data-e-type=\"column\">\n\t\t\t<div class=\"elementor-widget-wrap elementor-element-populated\">\n\t\t\t\t\t\t<div class=\"elementor-element elementor-element-8f3579b elementor-widget elementor-widget-text-editor\" data-id=\"8f3579b\" data-element_type=\"widget\" data-e-type=\"widget\" data-widget_type=\"text-editor.default\">\n\t\t\t\t<div class=\"elementor-widget-container\">\n\t\t\t\t\t\t\t\t\t<h6>EQUIDAD E INCLUSI\u00d3N<\/h6><p>Estamos comprometidos a mantener un entorno de aprendizaje que valore la identidad, la historia y las experiencias \u00fanicas de cada persona. A trav\u00e9s de asociaciones equitativas, nos esforzamos por estar presentes y participar con diversas comunidades que informan qui\u00e9nes somos y nos desaf\u00edan a ser m\u00e1s humanos. Decidimos crear acceso, oportunidad y un cambio significativo que fomente la diversidad, la inclusi\u00f3n, la equidad y la pertenencia. Reconocemos la opresi\u00f3n sist\u00e9mica y las desigualdades resultantes que hist\u00f3ricamente han marginado a ciertos grupos de personas, incluidos los negros, ind\u00edgenas y personas de color (BIPOC). Nos educaremos a nosotros mismos y a nuestra comunidad, as\u00ed como tambi\u00e9n alinearemos nuestra programaci\u00f3n y pr\u00e1cticas organizacionales a trav\u00e9s de una lente antirracista\/antiopresi\u00f3n.<\/p>\t\t\t\t\t\t\t\t<\/div>\n\t\t\t\t<\/div>\n\t\t\t\t<div class=\"elementor-element elementor-element-364eb900 elementor-widget-divider--view-line elementor-widget elementor-widget-divider\" data-id=\"364eb900\" data-element_type=\"widget\" data-e-type=\"widget\" data-widget_type=\"divider.default\">\n\t\t\t\t<div class=\"elementor-widget-container\">\n\t\t\t\t\t\t\t<div class=\"elementor-divider\">\n\t\t\t<span class=\"elementor-divider-separator\">\n\t\t\t\t\t\t<\/span>\n\t\t<\/div>\n\t\t\t\t\t\t<\/div>\n\t\t\t\t<\/div>\n\t\t\t\t<div class=\"elementor-element elementor-element-5400a04f elementor-widget elementor-widget-text-editor\" data-id=\"5400a04f\" data-element_type=\"widget\" data-e-type=\"widget\" data-widget_type=\"text-editor.default\">\n\t\t\t\t<div class=\"elementor-widget-container\">\n\t\t\t\t\t\t\t\t\t<h6>ACTA DE AMERICANOS CON DISCAPACIDADES<\/h6><p>La Escuela de Artes Ah Haa est\u00e1 comprometida con el pleno cumplimiento de la Ley de Estadounidenses con Discapacidades (ADA), que proh\u00edbe la discriminaci\u00f3n contra personas calificadas con discapacidades, as\u00ed como otras leyes federales y estatales relacionadas con personas con discapacidades. Brindaremos adaptaciones razonables a todas las personas calificadas con discapacidades conocidas, excepto cuando su discapacidad sea indebidamente perturbadora o resulte en una dificultad excesiva. Si tiene alguna pregunta sobre el alojamiento, comun\u00edquese con Marty Wollesen, Director Ejecutivo<\/p><p>(marty@ahhaa.org).<\/p>\t\t\t\t\t\t\t\t<\/div>\n\t\t\t\t<\/div>\n\t\t\t\t\t<\/div>\n\t\t<\/div>\n\t\t\t\t<div class=\"elementor-column elementor-col-50 elementor-inner-column elementor-element elementor-element-35d8b19c\" data-id=\"35d8b19c\" data-element_type=\"column\" data-e-type=\"column\">\n\t\t\t<div class=\"elementor-widget-wrap elementor-element-populated\">\n\t\t\t\t\t\t<div class=\"elementor-element elementor-element-10165573 elementor-widget elementor-widget-text-editor\" data-id=\"10165573\" data-element_type=\"widget\" data-e-type=\"widget\" data-widget_type=\"text-editor.default\">\n\t\t\t\t<div class=\"elementor-widget-container\">\n\t\t\t\t\t\t\t\t\t<h6>VERIFICACIONES DE ANTECEDENTES<\/h6><p>Todos los adultos mayores de 18 a\u00f1os que trabajan directamente con ni\u00f1os deben someterse a una verificaci\u00f3n de antecedentes estatal y federal.<\/p>\t\t\t\t\t\t\t\t<\/div>\n\t\t\t\t<\/div>\n\t\t\t\t<div class=\"elementor-element elementor-element-25eca2ec elementor-widget-divider--view-line elementor-widget elementor-widget-divider\" data-id=\"25eca2ec\" data-element_type=\"widget\" data-e-type=\"widget\" data-widget_type=\"divider.default\">\n\t\t\t\t<div class=\"elementor-widget-container\">\n\t\t\t\t\t\t\t<div class=\"elementor-divider\">\n\t\t\t<span class=\"elementor-divider-separator\">\n\t\t\t\t\t\t<\/span>\n\t\t<\/div>\n\t\t\t\t\t\t<\/div>\n\t\t\t\t<\/div>\n\t\t\t\t<div class=\"elementor-element elementor-element-a0e925a elementor-widget elementor-widget-text-editor\" data-id=\"a0e925a\" data-element_type=\"widget\" data-e-type=\"widget\" data-widget_type=\"text-editor.default\">\n\t\t\t\t<div class=\"elementor-widget-container\">\n\t\t\t\t\t\t\t\t\t<h6>PRIMEROS AUXILIOS Y RCP<\/h6><p>El personal recibe capacitaci\u00f3n peri\u00f3dica en Primeros Auxilios y RCP. El DEA (desfibrilador externo autom\u00e1tico) m\u00e1s cercano se encuentra en la Biblioteca P\u00fablica de Wilkinson.<\/p><p>Si tiene alguna pregunta sobre pr\u00e1cticas de salud, bienestar o seguridad, comun\u00edquese con Marty Wollesen, directora ejecutiva (marty@ahhaa.org \/ 970.728.3886).<\/p>\t\t\t\t\t\t\t\t<\/div>\n\t\t\t\t<\/div>\n\t\t\t\t\t<\/div>\n\t\t<\/div>\n\t\t\t\t\t<\/div>\n\t\t<\/section>\n\t\t\t\t\t<\/div>\n\t\t<\/div>\n\t\t\t\t\t<\/div>\n\t\t<\/section>\n\t\t\t\t<section class=\"elementor-section elementor-top-section elementor-element elementor-element-564946c9 elementor-section-boxed elementor-section-height-default elementor-section-height-default parallax_section_no qode_elementor_container_no\" data-id=\"564946c9\" data-element_type=\"section\" data-e-type=\"section\">\n\t\t\t\t\t\t<div class=\"elementor-container elementor-column-gap-default\">\n\t\t\t\t\t<div class=\"elementor-column elementor-col-100 elementor-top-column elementor-element elementor-element-22ed8faf\" data-id=\"22ed8faf\" data-element_type=\"column\" data-e-type=\"column\">\n\t\t\t<div class=\"elementor-widget-wrap elementor-element-populated\">\n\t\t\t\t\t\t<div class=\"elementor-element elementor-element-667ff874 elementor-widget elementor-widget-spacer\" data-id=\"667ff874\" data-element_type=\"widget\" data-e-type=\"widget\" data-widget_type=\"spacer.default\">\n\t\t\t\t<div class=\"elementor-widget-container\">\n\t\t\t\t\t\t\t<div class=\"elementor-spacer\">\n\t\t\t<div class=\"elementor-spacer-inner\"><\/div>\n\t\t<\/div>\n\t\t\t\t\t\t<\/div>\n\t\t\t\t<\/div>\n\t\t\t\t\t<\/div>\n\t\t<\/div>\n\t\t\t\t\t<\/div>\n\t\t<\/section>\n\t\t\t\t<\/div>","protected":false},"excerpt":{"rendered":"<p>Health &amp; Well Being Our priorities The health, well-being and safety of our students, instructors, volunteers, staff, and visitors is a core value at Ah\u00a0Haa School for the Arts and the American Academy of Bookbinding. Our policies, trainings and every day practice\u00a0reflect this priority. As&#8230;<\/p>","protected":false},"author":2,"featured_media":0,"parent":0,"menu_order":0,"comment_status":"closed","ping_status":"closed","template":"","meta":{"footnotes":""},"class_list":["post-272","page","type-page","status-publish","hentry"],"featured_image_src":null,"featured_image_src_square":null,"_links":{"self":[{"href":"https:\/\/ahhaa.org\/es\/wp-json\/wp\/v2\/pages\/272","targetHints":{"allow":["GET"]}}],"collection":[{"href":"https:\/\/ahhaa.org\/es\/wp-json\/wp\/v2\/pages"}],"about":[{"href":"https:\/\/ahhaa.org\/es\/wp-json\/wp\/v2\/types\/page"}],"author":[{"embeddable":true,"href":"https:\/\/ahhaa.org\/es\/wp-json\/wp\/v2\/users\/2"}],"replies":[{"embeddable":true,"href":"https:\/\/ahhaa.org\/es\/wp-json\/wp\/v2\/comments?post=272"}],"version-history":[{"count":0,"href":"https:\/\/ahhaa.org\/es\/wp-json\/wp\/v2\/pages\/272\/revisions"}],"wp:attachment":[{"href":"https:\/\/ahhaa.org\/es\/wp-json\/wp\/v2\/media?parent=272"}],"curies":[{"name":"wp","href":"https:\/\/api.w.org\/{rel}","templated":true}]}}