{"id":273,"date":"2022-03-29T19:41:55","date_gmt":"2022-03-29T19:41:55","guid":{"rendered":"https:\/\/ahhaa.org\/?page_id=273"},"modified":"2026-03-24T18:02:13","modified_gmt":"2026-03-24T18:02:13","slug":"registration-information","status":"publish","type":"page","link":"https:\/\/ahhaa.org\/es\/registration-information\/","title":{"rendered":"Informaci\u00f3n de Registro"},"content":{"rendered":"<div data-elementor-type=\"wp-page\" data-elementor-id=\"273\" class=\"elementor elementor-273\">\n\t\t\t\t\t\t<section class=\"elementor-section elementor-top-section elementor-element elementor-element-3ab36b1 elementor-section-full_width elementor-section-height-default elementor-section-height-default parallax_section_no qode_elementor_container_no\" data-id=\"3ab36b1\" data-element_type=\"section\" data-e-type=\"section\">\n\t\t\t\t\t\t<div class=\"elementor-container elementor-column-gap-no\">\n\t\t\t\t\t<div class=\"elementor-column elementor-col-100 elementor-top-column elementor-element elementor-element-d872322\" data-id=\"d872322\" data-element_type=\"column\" data-e-type=\"column\">\n\t\t\t<div class=\"elementor-widget-wrap elementor-element-populated\">\n\t\t\t\t\t\t<div class=\"elementor-element elementor-element-b46a28a elementor-widget elementor-widget-image\" data-id=\"b46a28a\" data-element_type=\"widget\" data-e-type=\"widget\" data-widget_type=\"image.default\">\n\t\t\t\t<div class=\"elementor-widget-container\">\n\t\t\t\t\t\t\t\t\t\t\t\t\t\t\t<img decoding=\"async\" src=\"https:\/\/ahhaa.org\/wp-content\/uploads\/2020\/04\/history-title-img.jpg\" title=\"\" alt=\"\" loading=\"lazy\" \/>\t\t\t\t\t\t\t\t\t\t\t\t\t\t\t<\/div>\n\t\t\t\t<\/div>\n\t\t\t\t\t<\/div>\n\t\t<\/div>\n\t\t\t\t\t<\/div>\n\t\t<\/section>\n\t\t\t\t<section class=\"elementor-section elementor-top-section elementor-element elementor-element-89d1768 elementor-section-boxed elementor-section-height-default elementor-section-height-default parallax_section_no qode_elementor_container_no\" data-id=\"89d1768\" data-element_type=\"section\" data-e-type=\"section\">\n\t\t\t\t\t\t<div class=\"elementor-container elementor-column-gap-default\">\n\t\t\t\t\t<div class=\"elementor-column elementor-col-100 elementor-top-column elementor-element elementor-element-881d49e\" data-id=\"881d49e\" data-element_type=\"column\" data-e-type=\"column\">\n\t\t\t<div class=\"elementor-widget-wrap elementor-element-populated\">\n\t\t\t\t\t\t<div class=\"elementor-element elementor-element-33ee004 elementor-widget elementor-widget-text-editor\" data-id=\"33ee004\" data-element_type=\"widget\" data-e-type=\"widget\" data-widget_type=\"text-editor.default\">\n\t\t\t\t<div class=\"elementor-widget-container\">\n\t\t\t\t\t\t\t\t\t<h1>Pol\u00edtica de registro<\/h1>\t\t\t\t\t\t\t\t<\/div>\n\t\t\t\t<\/div>\n\t\t\t\t\t<\/div>\n\t\t<\/div>\n\t\t\t\t\t<\/div>\n\t\t<\/section>\n\t\t\t\t<section class=\"elementor-section elementor-top-section elementor-element elementor-element-4142332 elementor-section-boxed elementor-section-height-default elementor-section-height-default parallax_section_no qode_elementor_container_no\" data-id=\"4142332\" data-element_type=\"section\" data-e-type=\"section\">\n\t\t\t\t\t\t<div class=\"elementor-container elementor-column-gap-default\">\n\t\t\t\t\t<div class=\"elementor-column elementor-col-50 elementor-top-column elementor-element elementor-element-bdc6a75\" data-id=\"bdc6a75\" data-element_type=\"column\" data-e-type=\"column\">\n\t\t\t<div class=\"elementor-widget-wrap elementor-element-populated\">\n\t\t\t\t\t\t<div class=\"elementor-element elementor-element-a5836fb elementor-widget elementor-widget-spacer\" data-id=\"a5836fb\" data-element_type=\"widget\" data-e-type=\"widget\" data-widget_type=\"spacer.default\">\n\t\t\t\t<div class=\"elementor-widget-container\">\n\t\t\t\t\t\t\t<div class=\"elementor-spacer\">\n\t\t\t<div class=\"elementor-spacer-inner\"><\/div>\n\t\t<\/div>\n\t\t\t\t\t\t<\/div>\n\t\t\t\t<\/div>\n\t\t\t\t<div class=\"elementor-element elementor-element-05aa23f elementor-widget elementor-widget-text-editor\" data-id=\"05aa23f\" data-element_type=\"widget\" data-e-type=\"widget\" data-widget_type=\"text-editor.default\">\n\t\t\t\t<div class=\"elementor-widget-container\">\n\t\t\t\t\t\t\t\t\t<h6>Sign UP FOR Ah Haa &amp; AAB CLasses\u00a0<\/h6>\t\t\t\t\t\t\t\t<\/div>\n\t\t\t\t<\/div>\n\t\t\t\t<section class=\"elementor-section elementor-inner-section elementor-element elementor-element-c3c1fa7 elementor-section-boxed elementor-section-height-default elementor-section-height-default parallax_section_no qode_elementor_container_no\" data-id=\"c3c1fa7\" data-element_type=\"section\" data-e-type=\"section\">\n\t\t\t\t\t\t<div class=\"elementor-container elementor-column-gap-default\">\n\t\t\t\t\t<div class=\"elementor-column elementor-col-50 elementor-inner-column elementor-element elementor-element-086a7f2\" data-id=\"086a7f2\" data-element_type=\"column\" data-e-type=\"column\">\n\t\t\t<div class=\"elementor-widget-wrap elementor-element-populated\">\n\t\t\t\t\t\t<div class=\"elementor-element elementor-element-4bff768 elementor-widget elementor-widget-bridge_button\" data-id=\"4bff768\" data-element_type=\"widget\" data-e-type=\"widget\" data-widget_type=\"bridge_button.default\">\n\t\t\t\t<div class=\"elementor-widget-container\">\n\t\t\t\t\t<a  itemprop=\"url\" href=\"https:\/\/canvas.ahhaa.org\/classes\" target=\"_self\"  class=\"qbutton  default\" style=\"\">ALL CLASSES<\/a>\t\t\t\t<\/div>\n\t\t\t\t<\/div>\n\t\t\t\t\t<\/div>\n\t\t<\/div>\n\t\t\t\t<div class=\"elementor-column elementor-col-50 elementor-inner-column elementor-element elementor-element-0316a11\" data-id=\"0316a11\" data-element_type=\"column\" data-e-type=\"column\">\n\t\t\t<div class=\"elementor-widget-wrap\">\n\t\t\t\t\t\t\t<\/div>\n\t\t<\/div>\n\t\t\t\t\t<\/div>\n\t\t<\/section>\n\t\t\t\t<div class=\"elementor-element elementor-element-513a464 elementor-widget elementor-widget-text-editor\" data-id=\"513a464\" data-element_type=\"widget\" data-e-type=\"widget\" data-widget_type=\"text-editor.default\">\n\t\t\t\t<div class=\"elementor-widget-container\">\n\t\t\t\t\t\t\t\t\t<div>\u00a0<\/div><h6>CANVAS REGISTRATION<\/h6><p>Create a new account using the &#8220;Sign In&#8221; button, add classes to your shopping cart and check out to complete registration. You can now buy gift cards, make a donation, purchase tickets and shop both adult and youth classes all in one transaction.\u00a0<\/p><div>\u00a0<\/div><h6>AH HAA Student Forms<\/h6><p><a href=\"https:\/\/form.jotform.com\/201534828524051\" target=\"_blank\" rel=\"noopener\">Exenci\u00f3n de responsabilidad general<\/a><\/p><p><a href=\"https:\/\/form.jotform.com\/202455177720150\" target=\"_blank\" rel=\"noopener\">Alergia a la comida\u00a0<\/a><a href=\"https:\/\/form.jotform.com\/202455177720150\" target=\"_blank\" rel=\"noopener\">Informaci\u00f3n<\/a><\/p><p><a href=\"https:\/\/form.jotform.com\/201535443592050\" target=\"_blank\" rel=\"noopener\">Formulario de env\u00edo de obras de arte + cer\u00e1mica<\/a><br \/><a href=\"https:\/\/form.jotform.com\/230296367308157\" target=\"_blank\" rel=\"noopener\">Contrato de etiqueta para clases de dibujo de figuras<\/a><\/p><p>\u00a0<\/p><p>Por favor <a href=\"mailto:info@ahhaa.org\">env\u00ede un correo electr\u00f3nico a nuestro personal de registro<\/a>, si necesita cancelar o transferir una clase. Ah Haa y sus instructores se reservan el derecho de cancelar clases con poca inscripci\u00f3n, pero har\u00e1n todo lo posible para inscribir a m\u00e1s estudiantes. Si no se ha alcanzado el m\u00ednimo, se notificar\u00e1 a los estudiantes registrados y se les reembolsar\u00e1 la tarifa completa de la clase.<\/p><div>\u00a0<\/div>\t\t\t\t\t\t\t\t<\/div>\n\t\t\t\t<\/div>\n\t\t\t\t\t<\/div>\n\t\t<\/div>\n\t\t\t\t<div class=\"elementor-column elementor-col-50 elementor-top-column elementor-element elementor-element-7b755b8\" data-id=\"7b755b8\" data-element_type=\"column\" data-e-type=\"column\">\n\t\t\t<div class=\"elementor-widget-wrap elementor-element-populated\">\n\t\t\t\t\t\t<div class=\"elementor-element elementor-element-efdbc59 elementor-widget elementor-widget-image\" data-id=\"efdbc59\" data-element_type=\"widget\" data-e-type=\"widget\" data-widget_type=\"image.default\">\n\t\t\t\t<div class=\"elementor-widget-container\">\n\t\t\t\t\t\t\t\t\t\t\t\t\t\t\t<img fetchpriority=\"high\" decoding=\"async\" width=\"1024\" height=\"1024\" src=\"https:\/\/ahhaa.org\/wp-content\/uploads\/2024\/11\/Screen-Shot-2024-05-13-at-2.32.26-PM-1024x1024.png\" class=\"attachment-large size-large wp-image-3233\" alt=\"\" srcset=\"https:\/\/ahhaa.org\/wp-content\/uploads\/2024\/11\/Screen-Shot-2024-05-13-at-2.32.26-PM-1024x1024.png 1024w, https:\/\/ahhaa.org\/wp-content\/uploads\/2024\/11\/Screen-Shot-2024-05-13-at-2.32.26-PM-300x300.png 300w, https:\/\/ahhaa.org\/wp-content\/uploads\/2024\/11\/Screen-Shot-2024-05-13-at-2.32.26-PM-150x150.png 150w, https:\/\/ahhaa.org\/wp-content\/uploads\/2024\/11\/Screen-Shot-2024-05-13-at-2.32.26-PM-768x768.png 768w, https:\/\/ahhaa.org\/wp-content\/uploads\/2024\/11\/Screen-Shot-2024-05-13-at-2.32.26-PM-1536x1536.png 1536w, https:\/\/ahhaa.org\/wp-content\/uploads\/2024\/11\/Screen-Shot-2024-05-13-at-2.32.26-PM-12x12.png 12w, https:\/\/ahhaa.org\/wp-content\/uploads\/2024\/11\/Screen-Shot-2024-05-13-at-2.32.26-PM-600x600.png 600w, https:\/\/ahhaa.org\/wp-content\/uploads\/2024\/11\/Screen-Shot-2024-05-13-at-2.32.26-PM-570x570.png 570w, https:\/\/ahhaa.org\/wp-content\/uploads\/2024\/11\/Screen-Shot-2024-05-13-at-2.32.26-PM-500x500.png 500w, https:\/\/ahhaa.org\/wp-content\/uploads\/2024\/11\/Screen-Shot-2024-05-13-at-2.32.26-PM-1000x1000.png 1000w, https:\/\/ahhaa.org\/wp-content\/uploads\/2024\/11\/Screen-Shot-2024-05-13-at-2.32.26-PM-700x700.png 700w, https:\/\/ahhaa.org\/wp-content\/uploads\/2024\/11\/Screen-Shot-2024-05-13-at-2.32.26-PM-650x650.png 650w, https:\/\/ahhaa.org\/wp-content\/uploads\/2024\/11\/Screen-Shot-2024-05-13-at-2.32.26-PM-1300x1300.png 1300w, https:\/\/ahhaa.org\/wp-content\/uploads\/2024\/11\/Screen-Shot-2024-05-13-at-2.32.26-PM.png 1708w\" sizes=\"(max-width: 1024px) 100vw, 1024px\" \/>\t\t\t\t\t\t\t\t\t\t\t\t\t\t\t<\/div>\n\t\t\t\t<\/div>\n\t\t\t\t\t<\/div>\n\t\t<\/div>\n\t\t\t\t\t<\/div>\n\t\t<\/section>\n\t\t\t\t<section class=\"elementor-section elementor-top-section elementor-element elementor-element-d272301 elementor-section-boxed elementor-section-height-default elementor-section-height-default parallax_section_no qode_elementor_container_no\" data-id=\"d272301\" data-element_type=\"section\" data-e-type=\"section\">\n\t\t\t\t\t\t<div class=\"elementor-container elementor-column-gap-default\">\n\t\t\t\t\t<div class=\"elementor-column elementor-col-100 elementor-top-column elementor-element elementor-element-62adeb3\" data-id=\"62adeb3\" data-element_type=\"column\" data-e-type=\"column\">\n\t\t\t<div class=\"elementor-widget-wrap elementor-element-populated\">\n\t\t\t\t\t\t<div class=\"elementor-element elementor-element-311b88f elementor-widget elementor-widget-spacer\" data-id=\"311b88f\" data-element_type=\"widget\" data-e-type=\"widget\" data-widget_type=\"spacer.default\">\n\t\t\t\t<div class=\"elementor-widget-container\">\n\t\t\t\t\t\t\t<div class=\"elementor-spacer\">\n\t\t\t<div class=\"elementor-spacer-inner\"><\/div>\n\t\t<\/div>\n\t\t\t\t\t\t<\/div>\n\t\t\t\t<\/div>\n\t\t\t\t\t<\/div>\n\t\t<\/div>\n\t\t\t\t\t<\/div>\n\t\t<\/section>\n\t\t\t\t<section class=\"elementor-section elementor-top-section elementor-element elementor-element-e5c3519 elementor-section-boxed elementor-section-height-default elementor-section-height-default parallax_section_no qode_elementor_container_no\" data-id=\"e5c3519\" data-element_type=\"section\" data-e-type=\"section\">\n\t\t\t\t\t\t<div class=\"elementor-container elementor-column-gap-default\">\n\t\t\t\t\t<div class=\"elementor-column elementor-col-100 elementor-top-column elementor-element elementor-element-63fafc9\" data-id=\"63fafc9\" data-element_type=\"column\" data-e-type=\"column\">\n\t\t\t<div class=\"elementor-widget-wrap elementor-element-populated\">\n\t\t\t\t\t\t<section class=\"elementor-section elementor-inner-section elementor-element elementor-element-eb6566d elementor-section-boxed elementor-section-height-default elementor-section-height-default parallax_section_no qode_elementor_container_no\" data-id=\"eb6566d\" data-element_type=\"section\" data-e-type=\"section\">\n\t\t\t\t\t\t<div class=\"elementor-container elementor-column-gap-default\">\n\t\t\t\t\t<div class=\"elementor-column elementor-col-50 elementor-inner-column elementor-element elementor-element-197abb2\" data-id=\"197abb2\" data-element_type=\"column\" data-e-type=\"column\">\n\t\t\t<div class=\"elementor-widget-wrap elementor-element-populated\">\n\t\t\t\t\t\t<div class=\"elementor-element elementor-element-3b0f083 elementor-widget elementor-widget-text-editor\" data-id=\"3b0f083\" data-element_type=\"widget\" data-e-type=\"widget\" data-widget_type=\"text-editor.default\">\n\t\t\t\t<div class=\"elementor-widget-container\">\n\t\t\t\t\t\t\t\t\t<h6>AH HAA REGISTRATION POLICIES<\/h6>\t\t\t\t\t\t\t\t<\/div>\n\t\t\t\t<\/div>\n\t\t\t\t<div class=\"elementor-element elementor-element-2739436 elementor-widget elementor-widget-text-editor\" data-id=\"2739436\" data-element_type=\"widget\" data-e-type=\"widget\" data-widget_type=\"text-editor.default\">\n\t\t\t\t<div class=\"elementor-widget-container\">\n\t\t\t\t\t\t\t\t\t<h6><b>Registro<\/b><\/h6><p>Todo registro debe completarse en l\u00ednea. Se recomienda encarecidamente la inscripci\u00f3n anticipada.\u00a0<\/p><p>Ah Haa intenta que las clases sean peque\u00f1as; si el tama\u00f1o de una clase alcanza su l\u00edmite, los solicitantes posteriores se agregar\u00e1n a una lista de espera.<\/p><p>Si se requieren materiales o hay instrucciones especiales para su clase, se incluir\u00e1 una lista de suministros y\/o informaci\u00f3n detallada en su correo electr\u00f3nico de confirmaci\u00f3n de registro.<\/p><p>A menos que se especifique lo contrario, todas las clases de Ah Haa se llevan a cabo en las nuevas instalaciones de Ah Haa en el edificio Silver Jack,\u00a0ubicado en 155 W. Pacific Avenue. Las clases de encuadernaci\u00f3n se llevan a cabo en Stone Building en 117 North Willow Street.<\/p>\t\t\t\t\t\t\t\t<\/div>\n\t\t\t\t<\/div>\n\t\t\t\t<div class=\"elementor-element elementor-element-5f1a0dd elementor-widget-divider--view-line elementor-widget elementor-widget-divider\" data-id=\"5f1a0dd\" data-element_type=\"widget\" data-e-type=\"widget\" data-widget_type=\"divider.default\">\n\t\t\t\t<div class=\"elementor-widget-container\">\n\t\t\t\t\t\t\t<div class=\"elementor-divider\">\n\t\t\t<span class=\"elementor-divider-separator\">\n\t\t\t\t\t\t<\/span>\n\t\t<\/div>\n\t\t\t\t\t\t<\/div>\n\t\t\t\t<\/div>\n\t\t\t\t<div class=\"elementor-element elementor-element-356c2ac elementor-widget elementor-widget-text-editor\" data-id=\"356c2ac\" data-element_type=\"widget\" data-e-type=\"widget\" data-widget_type=\"text-editor.default\">\n\t\t\t\t<div class=\"elementor-widget-container\">\n\t\t\t\t\t\t\t\t\t<h6>Ayuda para la matr\u00edcula<\/h6><p>La asistencia para la matr\u00edcula est\u00e1 disponible para todos los ni\u00f1os y adultos locales y regionales de Telluride. Para obtener m\u00e1s informaci\u00f3n o para solicitar asistencia, visite el <a href=\"https:\/\/ahhaa.org\/es\/tuition-assistance\/\">Ayuda para la matr\u00edcula<\/a> pesta\u00f1a<\/p>\t\t\t\t\t\t\t\t<\/div>\n\t\t\t\t<\/div>\n\t\t\t\t<div class=\"elementor-element elementor-element-9797085 elementor-widget-divider--view-line elementor-widget elementor-widget-divider\" data-id=\"9797085\" data-element_type=\"widget\" data-e-type=\"widget\" data-widget_type=\"divider.default\">\n\t\t\t\t<div class=\"elementor-widget-container\">\n\t\t\t\t\t\t\t<div class=\"elementor-divider\">\n\t\t\t<span class=\"elementor-divider-separator\">\n\t\t\t\t\t\t<\/span>\n\t\t<\/div>\n\t\t\t\t\t\t<\/div>\n\t\t\t\t<\/div>\n\t\t\t\t<div class=\"elementor-element elementor-element-0dc0281 elementor-widget elementor-widget-text-editor\" data-id=\"0dc0281\" data-element_type=\"widget\" data-e-type=\"widget\" data-widget_type=\"text-editor.default\">\n\t\t\t\t<div class=\"elementor-widget-container\">\n\t\t\t\t\t\t\t\t\t<h6><b>Cancelaciones, Transferencias y Reembolsos<\/b><\/h6><p>Se devolver\u00e1 el importe total de la matr\u00edcula, menos una tarifa de procesamiento no reembolsable de $25, si cancela con 14 d\u00edas o m\u00e1s de antelaci\u00f3n al inicio de la clase. No se realizar\u00e1 ning\u00fan reembolso si cancela con menos de 14 d\u00edas de antelaci\u00f3n al inicio de la clase. Tenga en cuenta que algunas clases tienen pol\u00edticas de cancelaci\u00f3n espec\u00edficas. Consulte las descripciones de las clases para obtener m\u00e1s detalles.<\/p><p>Las transferencias de clase est\u00e1n sujetas a las mismas restricciones que las cancelaciones y se aplicar\u00e1 un cargo administrativo de $25. Todas las clases est\u00e1n sujetas a una tarifa de procesamiento no reembolsable.<\/p><p>Tenga en cuenta que todas las clases pueden estar sujetas a cancelaci\u00f3n debido a circunstancias imprevistas. Nuestra intenci\u00f3n es comunicarnos con usted lo antes posible. Si Ah Haa School for the Arts cancela una clase por cualquier motivo, se emitir\u00e1 un reembolso completo. Sin embargo, puede optar por donar su matr\u00edcula a Ah Haa. Ah Haa no se hace responsable de ning\u00fan gasto personal en el que incurra el estudiante antes de asistir a una clase.<\/p>\t\t\t\t\t\t\t\t<\/div>\n\t\t\t\t<\/div>\n\t\t\t\t\t<\/div>\n\t\t<\/div>\n\t\t\t\t<div class=\"elementor-column elementor-col-50 elementor-inner-column elementor-element elementor-element-c057e26\" data-id=\"c057e26\" data-element_type=\"column\" data-e-type=\"column\">\n\t\t\t<div class=\"elementor-widget-wrap elementor-element-populated\">\n\t\t\t\t\t\t<div class=\"elementor-element elementor-element-a1afc0b elementor-widget elementor-widget-text-editor\" data-id=\"a1afc0b\" data-element_type=\"widget\" data-e-type=\"widget\" data-widget_type=\"text-editor.default\">\n\t\t\t\t<div class=\"elementor-widget-container\">\n\t\t\t\t\t\t\t\t\t<h6>AMERICAN ACADEMY OF BOOKBINDING REGISTRATION POLICIES<\/h6>\t\t\t\t\t\t\t\t<\/div>\n\t\t\t\t<\/div>\n\t\t\t\t<div class=\"elementor-element elementor-element-7b32fe9 elementor-widget elementor-widget-text-editor\" data-id=\"7b32fe9\" data-element_type=\"widget\" data-e-type=\"widget\" data-widget_type=\"text-editor.default\">\n\t\t\t\t<div class=\"elementor-widget-container\">\n\t\t\t\t\t\t\t\t\t<h6><b>PAYMENTS &amp; POLICIES<\/b><\/h6><p>Registration is considered complete once a deposit or full payment is received.<\/p><p><strong>Deposits: A non-refundable deposit of $300<\/strong> is required upon course registration. Students may pay the full amount at registration or pay the deposit, with the remaining balance due 45 days before the course begins.<\/p>\t\t\t\t\t\t\t\t<\/div>\n\t\t\t\t<\/div>\n\t\t\t\t<div class=\"elementor-element elementor-element-5241d96 elementor-widget-divider--view-line elementor-widget elementor-widget-divider\" data-id=\"5241d96\" data-element_type=\"widget\" data-e-type=\"widget\" data-widget_type=\"divider.default\">\n\t\t\t\t<div class=\"elementor-widget-container\">\n\t\t\t\t\t\t\t<div class=\"elementor-divider\">\n\t\t\t<span class=\"elementor-divider-separator\">\n\t\t\t\t\t\t<\/span>\n\t\t<\/div>\n\t\t\t\t\t\t<\/div>\n\t\t\t\t<\/div>\n\t\t\t\t<div class=\"elementor-element elementor-element-189f937 elementor-widget elementor-widget-text-editor\" data-id=\"189f937\" data-element_type=\"widget\" data-e-type=\"widget\" data-widget_type=\"text-editor.default\">\n\t\t\t\t<div class=\"elementor-widget-container\">\n\t\t\t\t\t\t\t\t\t<h6><b>Cancelaciones, Transferencias y Reembolsos<\/b><\/h6><p>Tuition is refunded in full for cancellations made more than 45 days before the course start date, minus the $300 non-refundable deposit per course. No refunds will be issued for student cancellations made within 45 days of the course start date. Refunds will not be issued to students who do not show up.<\/p><p>If AAB must cancel a class for any reason, students will receive a full refund plus deposit or the option to transfer their funds to an alternative course.<\/p><p>Transfer Process: To transfer enrollment to another course, students must do so at least 45 days before the start of their original course. No transfers will be approved within 45 days of the original course start. There is no fee to transfer courses.<\/p><p>Transfers are only permitted within the same calendar year. If a registered student wants to attend the following year, they will receive a refund minus the $300 deposit and must reapply.<\/p>\t\t\t\t\t\t\t\t<\/div>\n\t\t\t\t<\/div>\n\t\t\t\t<div class=\"elementor-element elementor-element-f4b2898 elementor-widget-divider--view-line elementor-widget elementor-widget-divider\" data-id=\"f4b2898\" data-element_type=\"widget\" data-e-type=\"widget\" data-widget_type=\"divider.default\">\n\t\t\t\t<div class=\"elementor-widget-container\">\n\t\t\t\t\t\t\t<div class=\"elementor-divider\">\n\t\t\t<span class=\"elementor-divider-separator\">\n\t\t\t\t\t\t<\/span>\n\t\t<\/div>\n\t\t\t\t\t\t<\/div>\n\t\t\t\t<\/div>\n\t\t\t\t<div class=\"elementor-element elementor-element-57b47c1 elementor-widget elementor-widget-bridge_button\" data-id=\"57b47c1\" data-element_type=\"widget\" data-e-type=\"widget\" data-widget_type=\"bridge_button.default\">\n\t\t\t\t<div class=\"elementor-widget-container\">\n\t\t\t\t\t<a itemprop=\"url\" href=\"https:\/\/bookbindingacademy.org\/admission\/\" target=\"_self\" class=\"qbutton  default\" style=\"\" rel=\"noopener\">FULL AAB REGISTRATION POLICY<\/a>\t\t\t\t<\/div>\n\t\t\t\t<\/div>\n\t\t\t\t\t<\/div>\n\t\t<\/div>\n\t\t\t\t\t<\/div>\n\t\t<\/section>\n\t\t\t\t\t<\/div>\n\t\t<\/div>\n\t\t\t\t\t<\/div>\n\t\t<\/section>\n\t\t\t\t<section class=\"elementor-section elementor-top-section elementor-element elementor-element-775b64d elementor-section-boxed elementor-section-height-default elementor-section-height-default parallax_section_no qode_elementor_container_no\" data-id=\"775b64d\" data-element_type=\"section\" data-e-type=\"section\">\n\t\t\t\t\t\t<div class=\"elementor-container elementor-column-gap-default\">\n\t\t\t\t\t<div class=\"elementor-column elementor-col-100 elementor-top-column elementor-element elementor-element-affe04e\" data-id=\"affe04e\" data-element_type=\"column\" data-e-type=\"column\">\n\t\t\t<div class=\"elementor-widget-wrap\">\n\t\t\t\t\t\t\t<\/div>\n\t\t<\/div>\n\t\t\t\t\t<\/div>\n\t\t<\/section>\n\t\t\t\t<\/div>","protected":false},"excerpt":{"rendered":"<p>Registration Policy Sign UP FOR Ah Haa &amp; AAB CLasses\u00a0 ALL CLASSES \u00a0 CANVAS REGISTRATION Create a new account using the &#8220;Sign In&#8221; button, add classes to your shopping cart and check out to complete registration. You can now buy gift cards, make a donation,&#8230;<\/p>","protected":false},"author":2,"featured_media":0,"parent":0,"menu_order":0,"comment_status":"closed","ping_status":"closed","template":"full_width.php","meta":{"footnotes":""},"class_list":["post-273","page","type-page","status-publish","hentry"],"featured_image_src":null,"featured_image_src_square":null,"_links":{"self":[{"href":"https:\/\/ahhaa.org\/es\/wp-json\/wp\/v2\/pages\/273","targetHints":{"allow":["GET"]}}],"collection":[{"href":"https:\/\/ahhaa.org\/es\/wp-json\/wp\/v2\/pages"}],"about":[{"href":"https:\/\/ahhaa.org\/es\/wp-json\/wp\/v2\/types\/page"}],"author":[{"embeddable":true,"href":"https:\/\/ahhaa.org\/es\/wp-json\/wp\/v2\/users\/2"}],"replies":[{"embeddable":true,"href":"https:\/\/ahhaa.org\/es\/wp-json\/wp\/v2\/comments?post=273"}],"version-history":[{"count":0,"href":"https:\/\/ahhaa.org\/es\/wp-json\/wp\/v2\/pages\/273\/revisions"}],"wp:attachment":[{"href":"https:\/\/ahhaa.org\/es\/wp-json\/wp\/v2\/media?parent=273"}],"curies":[{"name":"wp","href":"https:\/\/api.w.org\/{rel}","templated":true}]}}