{"id":3357,"date":"2025-02-26T23:56:19","date_gmt":"2025-02-26T23:56:19","guid":{"rendered":"https:\/\/ahhaa.org\/?page_id=3357"},"modified":"2025-02-27T17:05:01","modified_gmt":"2025-02-27T17:05:01","slug":"founder","status":"publish","type":"page","link":"https:\/\/ahhaa.org\/es\/founder\/","title":{"rendered":"Founder"},"content":{"rendered":"<div data-elementor-type=\"wp-page\" data-elementor-id=\"3357\" class=\"elementor elementor-3357\">\n\t\t\t\t\t\t<section class=\"elementor-section elementor-top-section elementor-element elementor-element-45a1409 elementor-section-boxed elementor-section-height-default elementor-section-height-default parallax_section_no qode_elementor_container_no\" data-id=\"45a1409\" data-element_type=\"section\" data-e-type=\"section\">\n\t\t\t\t\t\t<div class=\"elementor-container elementor-column-gap-default\">\n\t\t\t\t\t<div class=\"elementor-column elementor-col-100 elementor-top-column elementor-element elementor-element-2cbfab97\" data-id=\"2cbfab97\" data-element_type=\"column\" data-e-type=\"column\">\n\t\t\t<div class=\"elementor-widget-wrap elementor-element-populated\">\n\t\t\t\t\t\t<div class=\"elementor-element elementor-element-567ac3b7 elementor-widget elementor-widget-text-editor\" data-id=\"567ac3b7\" data-element_type=\"widget\" data-e-type=\"widget\" data-widget_type=\"text-editor.default\">\n\t\t\t\t<div class=\"elementor-widget-container\">\n\t\t\t\t\t\t\t\t\t<h1 style=\"background-color: #ffffff; letter-spacing: normal;\">Founder Daniel Tucker<\/h1>\t\t\t\t\t\t\t\t<\/div>\n\t\t\t\t<\/div>\n\t\t\t\t\t<\/div>\n\t\t<\/div>\n\t\t\t\t\t<\/div>\n\t\t<\/section>\n\t\t\t\t<section class=\"elementor-section elementor-top-section elementor-element elementor-element-7f3e6f26 elementor-section-boxed elementor-section-height-default elementor-section-height-default parallax_section_no qode_elementor_container_no\" data-id=\"7f3e6f26\" data-element_type=\"section\" data-e-type=\"section\">\n\t\t\t\t\t\t<div class=\"elementor-container elementor-column-gap-default\">\n\t\t\t\t\t<div class=\"elementor-column elementor-col-50 elementor-top-column elementor-element elementor-element-6f1265ce\" data-id=\"6f1265ce\" data-element_type=\"column\" data-e-type=\"column\">\n\t\t\t<div class=\"elementor-widget-wrap elementor-element-populated\">\n\t\t\t\t\t\t<div class=\"elementor-element elementor-element-9b3b6a5 elementor-widget elementor-widget-text-editor\" data-id=\"9b3b6a5\" data-element_type=\"widget\" data-e-type=\"widget\" data-widget_type=\"text-editor.default\">\n\t\t\t\t<div class=\"elementor-widget-container\">\n\t\t\t\t\t\t\t\t\t<h6>\u00a0<\/h6><p>Fundada en 1991 por el visionario corredor de apuestas, escritor y maestro Daniel Tucker, la Escuela de Artes Ah Haa es un lugar de inspiraci\u00f3n. Al lanzar la escuela, Tucker busc\u00f3 ofrecer algo significativo y duradero a la comunidad de Telluride. Quer\u00eda ofrecer a los artistas emergentes y serios herramientas en una variedad de medios, ense\u00f1ar habilidades y despertar la pasi\u00f3n que llevar\u00edan con ellos a lo largo de sus vidas.<\/p><p>\u00a0<\/p><p>Thanks to Daniel Tucker&#8217;s vision, the Ah Haa School for the Arts and the American Academy of Bookbinding have become the community center for arts, culture and bookmaking in Telluride and the surrounding Colorado communities for the last 30 years,<\/p><h6>\u00a0<\/h6><h6>The Artist<\/h6><p>Daniel Tucker\u2019s paintings are infused with an alchemy of heart and hand. With an exhibit history going back to 1973, Tucker has made deep dives into painting, book production, publishing, poetry and films. This describes the arc of his life\u2014an almost fifty year multi-dimensional journey and excavation of his creative wellspring.\u00a0<\/p><p>\u00a0<\/p><p>His most recent exhibition, \u201cThe Heart of the Matter\u201d, consisted of 62 paintings. His works are in major private and public collections including London\u2019s Victoria and Albert Museum, The Metropolitan Museum in New York City, The Denver Art Museum, and the library of MOMA in New York City.<\/p><p>\u00a0<\/p><p>He begins each painting as he begins each day\u2014with a sense of wonder and an enthusiasm for exploring possibilities!<\/p>\t\t\t\t\t\t\t\t<\/div>\n\t\t\t\t<\/div>\n\t\t\t\t\t<\/div>\n\t\t<\/div>\n\t\t\t\t<div class=\"elementor-column elementor-col-50 elementor-top-column elementor-element elementor-element-329e05ae\" data-id=\"329e05ae\" data-element_type=\"column\" data-e-type=\"column\">\n\t\t\t<div class=\"elementor-widget-wrap elementor-element-populated\">\n\t\t\t\t\t\t<div class=\"elementor-element elementor-element-fe66cfe elementor-widget elementor-widget-image\" data-id=\"fe66cfe\" data-element_type=\"widget\" data-e-type=\"widget\" data-widget_type=\"image.default\">\n\t\t\t\t<div class=\"elementor-widget-container\">\n\t\t\t\t\t\t\t\t\t\t\t\t\t\t\t<img fetchpriority=\"high\" decoding=\"async\" width=\"1024\" height=\"682\" src=\"https:\/\/ahhaa.org\/wp-content\/uploads\/2025\/02\/Hand-Heart-Process-daniel-tucker-1024x682.jpg\" class=\"attachment-large size-large wp-image-3360\" alt=\"\" srcset=\"https:\/\/ahhaa.org\/wp-content\/uploads\/2025\/02\/Hand-Heart-Process-daniel-tucker-1024x682.jpg 1024w, https:\/\/ahhaa.org\/wp-content\/uploads\/2025\/02\/Hand-Heart-Process-daniel-tucker-300x200.jpg 300w, https:\/\/ahhaa.org\/wp-content\/uploads\/2025\/02\/Hand-Heart-Process-daniel-tucker-768x512.jpg 768w, https:\/\/ahhaa.org\/wp-content\/uploads\/2025\/02\/Hand-Heart-Process-daniel-tucker-1536x1023.jpg 1536w, https:\/\/ahhaa.org\/wp-content\/uploads\/2025\/02\/Hand-Heart-Process-daniel-tucker-18x12.jpg 18w, https:\/\/ahhaa.org\/wp-content\/uploads\/2025\/02\/Hand-Heart-Process-daniel-tucker-600x400.jpg 600w, https:\/\/ahhaa.org\/wp-content\/uploads\/2025\/02\/Hand-Heart-Process-daniel-tucker-700x466.jpg 700w, https:\/\/ahhaa.org\/wp-content\/uploads\/2025\/02\/Hand-Heart-Process-daniel-tucker.jpg 1920w\" sizes=\"(max-width: 1024px) 100vw, 1024px\" \/>\t\t\t\t\t\t\t\t\t\t\t\t\t\t\t<\/div>\n\t\t\t\t<\/div>\n\t\t\t\t\t<\/div>\n\t\t<\/div>\n\t\t\t\t\t<\/div>\n\t\t<\/section>\n\t\t\t\t<section class=\"elementor-section elementor-top-section elementor-element elementor-element-d77846e elementor-section-boxed elementor-section-height-default elementor-section-height-default parallax_section_no qode_elementor_container_no\" data-id=\"d77846e\" data-element_type=\"section\" data-e-type=\"section\">\n\t\t\t\t\t\t<div class=\"elementor-container elementor-column-gap-default\">\n\t\t\t\t\t<div class=\"elementor-column elementor-col-100 elementor-top-column elementor-element elementor-element-f8a9511\" data-id=\"f8a9511\" data-element_type=\"column\" data-e-type=\"column\">\n\t\t\t<div class=\"elementor-widget-wrap elementor-element-populated\">\n\t\t\t\t\t\t<div class=\"elementor-element elementor-element-f57981c elementor-widget elementor-widget-image\" data-id=\"f57981c\" data-element_type=\"widget\" data-e-type=\"widget\" data-widget_type=\"image.default\">\n\t\t\t\t<div class=\"elementor-widget-container\">\n\t\t\t\t\t\t\t\t\t\t\t\t\t\t\t<img decoding=\"async\" width=\"768\" height=\"700\" src=\"https:\/\/ahhaa.org\/wp-content\/uploads\/2025\/02\/Screen-Shot-2025-02-27-at-9.55.25-AM-768x700.png\" class=\"attachment-medium_large size-medium_large wp-image-3365\" alt=\"\" srcset=\"https:\/\/ahhaa.org\/wp-content\/uploads\/2025\/02\/Screen-Shot-2025-02-27-at-9.55.25-AM-768x700.png 768w, https:\/\/ahhaa.org\/wp-content\/uploads\/2025\/02\/Screen-Shot-2025-02-27-at-9.55.25-AM-300x273.png 300w, https:\/\/ahhaa.org\/wp-content\/uploads\/2025\/02\/Screen-Shot-2025-02-27-at-9.55.25-AM-1024x933.png 1024w, https:\/\/ahhaa.org\/wp-content\/uploads\/2025\/02\/Screen-Shot-2025-02-27-at-9.55.25-AM-1536x1399.png 1536w, https:\/\/ahhaa.org\/wp-content\/uploads\/2025\/02\/Screen-Shot-2025-02-27-at-9.55.25-AM-13x12.png 13w, https:\/\/ahhaa.org\/wp-content\/uploads\/2025\/02\/Screen-Shot-2025-02-27-at-9.55.25-AM-700x638.png 700w, https:\/\/ahhaa.org\/wp-content\/uploads\/2025\/02\/Screen-Shot-2025-02-27-at-9.55.25-AM-600x547.png 600w, https:\/\/ahhaa.org\/wp-content\/uploads\/2025\/02\/Screen-Shot-2025-02-27-at-9.55.25-AM.png 1888w\" sizes=\"(max-width: 768px) 100vw, 768px\" \/>\t\t\t\t\t\t\t\t\t\t\t\t\t\t\t<\/div>\n\t\t\t\t<\/div>\n\t\t\t\t<div class=\"elementor-element elementor-element-0b7b4a4 elementor-widget elementor-widget-text-editor\" data-id=\"0b7b4a4\" data-element_type=\"widget\" data-e-type=\"widget\" data-widget_type=\"text-editor.default\">\n\t\t\t\t<div class=\"elementor-widget-container\">\n\t\t\t\t\t\t\t\t\t<p style=\"text-align: center;\">1992, Daniel Tucker with assistant director Brucie Holler and executive director Judy Kohin in the Silverbell Building<\/p>\t\t\t\t\t\t\t\t<\/div>\n\t\t\t\t<\/div>\n\t\t\t\t\t<\/div>\n\t\t<\/div>\n\t\t\t\t\t<\/div>\n\t\t<\/section>\n\t\t\t\t<section class=\"elementor-section elementor-top-section elementor-element elementor-element-6cf5c32 elementor-section-boxed elementor-section-height-default elementor-section-height-default parallax_section_no qode_elementor_container_no\" data-id=\"6cf5c32\" data-element_type=\"section\" data-e-type=\"section\">\n\t\t\t\t\t\t<div class=\"elementor-container elementor-column-gap-default\">\n\t\t\t\t\t<div class=\"elementor-column elementor-col-100 elementor-top-column elementor-element elementor-element-71bf3d5\" data-id=\"71bf3d5\" data-element_type=\"column\" data-e-type=\"column\">\n\t\t\t<div class=\"elementor-widget-wrap elementor-element-populated\">\n\t\t\t\t\t\t<div class=\"elementor-element elementor-element-a67a377 elementor-widget-divider--view-line elementor-widget elementor-widget-divider\" data-id=\"a67a377\" data-element_type=\"widget\" data-e-type=\"widget\" data-widget_type=\"divider.default\">\n\t\t\t\t<div class=\"elementor-widget-container\">\n\t\t\t\t\t\t\t<div class=\"elementor-divider\">\n\t\t\t<span class=\"elementor-divider-separator\">\n\t\t\t\t\t\t<\/span>\n\t\t<\/div>\n\t\t\t\t\t\t<\/div>\n\t\t\t\t<\/div>\n\t\t\t\t<div class=\"elementor-element elementor-element-da3c764 elementor-widget elementor-widget-image\" data-id=\"da3c764\" data-element_type=\"widget\" data-e-type=\"widget\" data-widget_type=\"image.default\">\n\t\t\t\t<div class=\"elementor-widget-container\">\n\t\t\t\t\t\t\t\t\t\t\t\t\t\t\t<img decoding=\"async\" width=\"1024\" height=\"433\" src=\"https:\/\/ahhaa.org\/wp-content\/uploads\/2025\/02\/Screen-Shot-2025-02-26-at-4.57.23-PM-1024x433.png\" class=\"attachment-large size-large wp-image-3361\" alt=\"\" srcset=\"https:\/\/ahhaa.org\/wp-content\/uploads\/2025\/02\/Screen-Shot-2025-02-26-at-4.57.23-PM-1024x433.png 1024w, https:\/\/ahhaa.org\/wp-content\/uploads\/2025\/02\/Screen-Shot-2025-02-26-at-4.57.23-PM-300x127.png 300w, https:\/\/ahhaa.org\/wp-content\/uploads\/2025\/02\/Screen-Shot-2025-02-26-at-4.57.23-PM-768x325.png 768w, https:\/\/ahhaa.org\/wp-content\/uploads\/2025\/02\/Screen-Shot-2025-02-26-at-4.57.23-PM-1536x649.png 1536w, https:\/\/ahhaa.org\/wp-content\/uploads\/2025\/02\/Screen-Shot-2025-02-26-at-4.57.23-PM-2048x866.png 2048w, https:\/\/ahhaa.org\/wp-content\/uploads\/2025\/02\/Screen-Shot-2025-02-26-at-4.57.23-PM-18x8.png 18w, https:\/\/ahhaa.org\/wp-content\/uploads\/2025\/02\/Screen-Shot-2025-02-26-at-4.57.23-PM-700x296.png 700w, https:\/\/ahhaa.org\/wp-content\/uploads\/2025\/02\/Screen-Shot-2025-02-26-at-4.57.23-PM-600x254.png 600w\" sizes=\"(max-width: 1024px) 100vw, 1024px\" \/>\t\t\t\t\t\t\t\t\t\t\t\t\t\t\t<\/div>\n\t\t\t\t<\/div>\n\t\t\t\t\t<\/div>\n\t\t<\/div>\n\t\t\t\t\t<\/div>\n\t\t<\/section>\n\t\t\t\t<section class=\"elementor-section elementor-top-section elementor-element elementor-element-9240578 elementor-section-boxed elementor-section-height-default elementor-section-height-default parallax_section_no qode_elementor_container_no\" data-id=\"9240578\" data-element_type=\"section\" data-e-type=\"section\">\n\t\t\t\t\t\t<div class=\"elementor-container elementor-column-gap-default\">\n\t\t\t\t\t<div class=\"elementor-column elementor-col-50 elementor-top-column elementor-element elementor-element-1a82a68\" data-id=\"1a82a68\" data-element_type=\"column\" data-e-type=\"column\">\n\t\t\t<div class=\"elementor-widget-wrap elementor-element-populated\">\n\t\t\t\t\t\t<div class=\"elementor-element elementor-element-99b3082 elementor-widget elementor-widget-image\" data-id=\"99b3082\" data-element_type=\"widget\" data-e-type=\"widget\" data-widget_type=\"image.default\">\n\t\t\t\t<div class=\"elementor-widget-container\">\n\t\t\t\t\t\t\t\t\t\t\t\t\t\t\t<img loading=\"lazy\" decoding=\"async\" width=\"1024\" height=\"682\" src=\"https:\/\/ahhaa.org\/wp-content\/uploads\/2025\/02\/daniel-tucker-hands-1024x682.jpg\" class=\"attachment-large size-large wp-image-3358\" alt=\"\" srcset=\"https:\/\/ahhaa.org\/wp-content\/uploads\/2025\/02\/daniel-tucker-hands-1024x682.jpg 1024w, https:\/\/ahhaa.org\/wp-content\/uploads\/2025\/02\/daniel-tucker-hands-300x200.jpg 300w, https:\/\/ahhaa.org\/wp-content\/uploads\/2025\/02\/daniel-tucker-hands-768x512.jpg 768w, https:\/\/ahhaa.org\/wp-content\/uploads\/2025\/02\/daniel-tucker-hands-1536x1023.jpg 1536w, https:\/\/ahhaa.org\/wp-content\/uploads\/2025\/02\/daniel-tucker-hands-18x12.jpg 18w, https:\/\/ahhaa.org\/wp-content\/uploads\/2025\/02\/daniel-tucker-hands-600x400.jpg 600w, https:\/\/ahhaa.org\/wp-content\/uploads\/2025\/02\/daniel-tucker-hands-700x466.jpg 700w, https:\/\/ahhaa.org\/wp-content\/uploads\/2025\/02\/daniel-tucker-hands.jpg 1920w\" sizes=\"(max-width: 1024px) 100vw, 1024px\" \/>\t\t\t\t\t\t\t\t\t\t\t\t\t\t\t<\/div>\n\t\t\t\t<\/div>\n\t\t\t\t\t<\/div>\n\t\t<\/div>\n\t\t\t\t<div class=\"elementor-column elementor-col-50 elementor-top-column elementor-element elementor-element-fbb780f\" data-id=\"fbb780f\" data-element_type=\"column\" data-e-type=\"column\">\n\t\t\t<div class=\"elementor-widget-wrap elementor-element-populated\">\n\t\t\t\t\t\t<div class=\"elementor-element elementor-element-2276208 elementor-widget elementor-widget-image\" data-id=\"2276208\" data-element_type=\"widget\" data-e-type=\"widget\" data-widget_type=\"image.default\">\n\t\t\t\t<div class=\"elementor-widget-container\">\n\t\t\t\t\t\t\t\t\t\t\t\t\t\t\t<img loading=\"lazy\" decoding=\"async\" width=\"1024\" height=\"682\" src=\"https:\/\/ahhaa.org\/wp-content\/uploads\/2025\/02\/daniel-tucker-painting-1024x682.jpg\" class=\"attachment-large size-large wp-image-3359\" alt=\"\" srcset=\"https:\/\/ahhaa.org\/wp-content\/uploads\/2025\/02\/daniel-tucker-painting-1024x682.jpg 1024w, https:\/\/ahhaa.org\/wp-content\/uploads\/2025\/02\/daniel-tucker-painting-300x200.jpg 300w, https:\/\/ahhaa.org\/wp-content\/uploads\/2025\/02\/daniel-tucker-painting-768x512.jpg 768w, https:\/\/ahhaa.org\/wp-content\/uploads\/2025\/02\/daniel-tucker-painting-1536x1023.jpg 1536w, https:\/\/ahhaa.org\/wp-content\/uploads\/2025\/02\/daniel-tucker-painting-18x12.jpg 18w, https:\/\/ahhaa.org\/wp-content\/uploads\/2025\/02\/daniel-tucker-painting-600x400.jpg 600w, https:\/\/ahhaa.org\/wp-content\/uploads\/2025\/02\/daniel-tucker-painting-700x466.jpg 700w, https:\/\/ahhaa.org\/wp-content\/uploads\/2025\/02\/daniel-tucker-painting.jpg 1920w\" sizes=\"(max-width: 1024px) 100vw, 1024px\" \/>\t\t\t\t\t\t\t\t\t\t\t\t\t\t\t<\/div>\n\t\t\t\t<\/div>\n\t\t\t\t\t<\/div>\n\t\t<\/div>\n\t\t\t\t\t<\/div>\n\t\t<\/section>\n\t\t\t\t<\/div>","protected":false},"excerpt":{"rendered":"<p>Founder Daniel Tucker \u00a0 Founded in 1991 by visionary bookmaker, writer and teacher Daniel Tucker, the Ah Haa School for the Arts is a place of inspiration. In launching the school, Tucker sought to offer something meaningful and long lasting to the community of Telluride&#8230;.<\/p>","protected":false},"author":3,"featured_media":0,"parent":0,"menu_order":0,"comment_status":"closed","ping_status":"closed","template":"","meta":{"footnotes":""},"class_list":["post-3357","page","type-page","status-publish","hentry"],"featured_image_src":null,"featured_image_src_square":null,"_links":{"self":[{"href":"https:\/\/ahhaa.org\/es\/wp-json\/wp\/v2\/pages\/3357","targetHints":{"allow":["GET"]}}],"collection":[{"href":"https:\/\/ahhaa.org\/es\/wp-json\/wp\/v2\/pages"}],"about":[{"href":"https:\/\/ahhaa.org\/es\/wp-json\/wp\/v2\/types\/page"}],"author":[{"embeddable":true,"href":"https:\/\/ahhaa.org\/es\/wp-json\/wp\/v2\/users\/3"}],"replies":[{"embeddable":true,"href":"https:\/\/ahhaa.org\/es\/wp-json\/wp\/v2\/comments?post=3357"}],"version-history":[{"count":0,"href":"https:\/\/ahhaa.org\/es\/wp-json\/wp\/v2\/pages\/3357\/revisions"}],"wp:attachment":[{"href":"https:\/\/ahhaa.org\/es\/wp-json\/wp\/v2\/media?parent=3357"}],"curies":[{"name":"wp","href":"https:\/\/api.w.org\/{rel}","templated":true}]}}